{"id":30,"date":"2016-04-27T15:52:58","date_gmt":"2016-04-27T06:52:58","guid":{"rendered":"http:\/\/sennenji-studio.com\/wp\/?page_id=30"},"modified":"2025-05-31T11:43:37","modified_gmt":"2025-05-31T02:43:37","slug":"equipments","status":"publish","type":"page","link":"https:\/\/sennenji-studio.com\/wp\/?page_id=30","title":{"rendered":"Equipments"},"content":{"rendered":"<table style=\"height: 1000px;\" border=\"1\" width=\"705\">\n<tbody>\n<tr>\n<th scope=\"row\" width=\"138\">Console<\/th>\n<td width=\"390\">YAMAHA DM2000VCM<br \/>\nw\/16ch ADAT Card \u00d72\u30fb8ch AES\/EBU Card\u30fb8ch D\/A Card\u00d72<\/td>\n<\/tr>\n<tr>\n<th scope=\"row\">DAW<\/th>\n<td>Steinberg NUENDO 13<br \/>\nSteinberg WaveLab Pro 9.5<br \/>\nSteinberg NUENDO Live 3<br \/>\nSteinberg Drico 3.5<br \/>\nAVID ProTools First<br \/>\nROSENDAHL Nanosyncs HD<br \/>\niConnectivity mioXL<br \/>\nFocusrite RedNet PCIeR<br \/>\nFocusrite RedNet3<br \/>\nBlackmagicDesign Deck Link<br \/>\nRME ADI-8 DS<br \/>\nRME Fireface UFX<\/td>\n<\/tr>\n<tr>\n<th scope=\"row\" width=\"138\">Recorder<\/th>\n<td>TASCAM SS-R250N<br \/>\nTASCAM DA-3000<br \/>\nTASCAM DA-45HR<br \/>\nTASCAM DA-25<br \/>\nTASCAM MD-350<br \/>\nTASCAM 112mk\u2161<br \/>\nOTARI BTR-10<\/td>\n<\/tr>\n<tr>\n<th scope=\"row\">Monitor Speaker<\/th>\n<td>GENELEC 1032C<br \/>\nYAMAHA NS-10M<br \/>\nSHARP SD-V10<br \/>\nFUJITSU TEN ECLIPSE TD 508 MK2\u00d75\uff0b YAMAHA SW-10(5.1ch)<\/td>\n<\/tr>\n<tr>\n<th scope=\"row\">Outboards<\/th>\n<td>UNIVERSAL AUDIO 1176LN \u00d72<br \/>\nUNIVERSAL AUDIO 6176<br \/>\nFocusrite ISA 828<br \/>\nAvalon Design VT 737 SP<br \/>\nAudient ASP880<br \/>\ndbx 160A<br \/>\nT.C Electronic D-TWO<br \/>\nYAMAHA SPX2000<br \/>\nSONY DPS-V55<br \/>\nNEVE 1066 \u00d72\u3000\u3000\u3000\u3000\u3000\u3000etc\u2026<\/td>\n<\/tr>\n<tr>\n<th scope=\"row\">Cue System<\/th>\n<td>FURMAN HDS-16<br \/>\nFURMAN HRM-16 \u00d74<br \/>\nCONISIS COM1805 (Control Room)<\/td>\n<\/tr>\n<tr>\n<th scope=\"row\">D.I<\/th>\n<td>Countryman Type-85 \u00d72<br \/>\nAVALON DESIGN U5<br \/>\nBOSS DI-1 \u00d71<br \/>\nRADIAL J48 MK\u2161 \u00d72<br \/>\nRADIAL PRO RMP (REAMPING) \u00d71<\/td>\n<\/tr>\n<tr>\n<th scope=\"row\">Dynamic Mic<\/th>\n<td>Shure SM-57 \u00d75<br \/>\nShure SM-58 \u00d73<br \/>\nShure Beta58A \u00d72<br \/>\nShure Beta57A \u00d73<br \/>\nElectro Voice RE20 \u00d71<br \/>\nSENNHEISER MD421MK2 \u00d74<br \/>\nAUDIX D-2 \u00d74<br \/>\nAudio-Technica ATM25 \u00d72<br \/>\nAKG D112 \u00d71<\/td>\n<\/tr>\n<tr>\n<th scope=\"row\">Condenser Mic<\/th>\n<td>NEUMANN TLM127 \u00d72<br \/>\nNEUMANN TLM67 \u00d71<br \/>\nNEUMANN U87Ai\u00d71<br \/>\nEARTHWORKS SR30 \u00d72<br \/>\nAKG C-414 XLS \u00d72<br \/>\nAKG C-451B \u00d72<br \/>\nAKG C-391B \u00d72<br \/>\nSONY C-37P \u00d72<br \/>\nRode NT-2 \u00d72<br \/>\nRode NT-1A \u00d72<br \/>\nSENNHEISER e965 \u00d71<br \/>\nAudio-Technica AT4081<br \/>\nTOMOCA PW-48 \uff08Phantom Power Supply\uff09<\/td>\n<\/tr>\n<tr>\n<th scope=\"row\">DAW Plug-Ins<\/th>\n<td>WAVES Mercury Bundle<br \/>\nWAVES SSL Collection<br \/>\nSonnox Oxford Elite Bundle<br \/>\nSoftube Console 1 w\/British Class A, SSL XL 9000 K<br \/>\nNomad Factory Integral Studio Pack<br \/>\nOverloud BREVERB2<br \/>\nAntares Auto-Tune EVO<br \/>\nIzotope OZONE9 Advanced<br \/>\nMcDSP<br \/>\nNATIVE INSTRUMENTS KOMPLETE 12 Ultimate<br \/>\nPSP Vintage Warmer\u3000\u3000\u3000\u3000\u3000\u3000\u3000etc\u2026<\/td>\n<\/tr>\n<\/tbody>\n<\/table>\n<h3>\u30ea\u30cf\u30fc\u30b5\u30eb\u6a5f\u6750<a name=\"reh\"><\/a><\/h3>\n<table style=\"height: 500px;\" border=\"1\" width=\"705\">\n<tbody>\n<tr>\n<th scope=\"row\" width=\"138\">Console<\/th>\n<td width=\"390\">MIDAS M32-R Live + MIDAS DL16<br \/>\nBehringer X32 RACK<\/td>\n<\/tr>\n<tr>\n<th scope=\"row\">Power Amp<\/th>\n<td>CLASSIC PRO CP1000 \u00d72<br \/>\nCLASSIC PRO CP1200 \u00d71<\/td>\n<\/tr>\n<tr>\n<th scope=\"row\">GEQ<\/th>\n<td>Behringer FBQ6200 \u00d72<\/td>\n<\/tr>\n<tr>\n<th scope=\"row\">PA Speaker<\/th>\n<td>YAMAHA BR12M \u00d74<br \/>\nEV SX300 \u00d72<br \/>\nEV ZLX15p \u00d72<\/td>\n<\/tr>\n<tr>\n<th scope=\"row\">CD\/MD Player<\/th>\n<td>TASCAM MD-CD1B MK\u2161<\/td>\n<\/tr>\n<tr>\n<th scope=\"row\">Drums<\/th>\n<td>TAMA StarClassic\u30b7\u30ea\u30fc\u30ba\u30004Tom 1Floor<br \/>\nDW Collector\u30b7\u30ea\u30fc\u30ba\u30002Tom 1Floor<br \/>\nPAISTE NewSignature dark energy<br \/>\n\uff08HH \u00d71,Crash \u00d73,Ride \u00d71,Splash \u00d72,China \u00d71\uff09<\/td>\n<\/tr>\n<tr>\n<th scope=\"row\">Bass Amp<\/th>\n<td>WALTER WOODS M-450<br \/>\nAguilar TONEHAMMER 700<br \/>\nEpifani UL D.I.S.T 410<br \/>\nEpifani UL D.I.S.T 110<\/td>\n<\/tr>\n<tr>\n<th scope=\"row\">Guitar Amp<\/th>\n<td>Marshall JCM900<br \/>\nMarshall JCM800<br \/>\nMarshall 1960A<br \/>\nRoland JC-120<br \/>\nFender TWIN REVERB<br \/>\nFender HOD ROD DELUXE \uff08with SLIDAC\uff09<br \/>\nRIVERA Venus3<br \/>\nAAD by Phil Jones CUB-\u2161 AG-150\uff08for Acoustic\uff09<\/td>\n<\/tr>\n<tr>\n<th scope=\"row\">Keyboard<\/th>\n<td>YAMAHA YC88<br \/>\nCLAVIA NORD WAVE2<br \/>\nKORG SV-1 88<br \/>\nKORG KingKORG<\/td>\n<\/tr>\n<tr>\n<th scope=\"row\">Keyboard PA<\/th>\n<td>EV ZLX12P \u00d72<\/td>\n<\/tr>\n<\/tbody>\n<\/table>\n<p><a name=\"rental\"><\/a><\/p>\n<h3>\u697d\u5668\u30ec\u30f3\u30bf\u30eb (\u5f53\u30b9\u30bf\u30b8\u30aa\u3067\u306e\u4f7f\u7528\u306b\u9650\u308a\u7121\u6599)<a name=\"rental\"><\/a><\/h3>\n<table style=\"height: 600px;\" border=\"1\" width=\"705\">\n<tbody>\n<tr>\n<th scope=\"row\" width=\"138\">Acoustic Guitar<\/th>\n<td width=\"390\">GUILD F-50 (HIGHLANDER P.U &amp; FISHMAN P.U)<br \/>\nSEAGULL 56 CW GT Q\u2161<br \/>\nJose Ramirez 2NCWE<\/td>\n<\/tr>\n<tr>\n<th scope=\"row\">Electric Guitar<\/th>\n<td>Gibson USA Les Paul Standard &#8217;96<br \/>\nGibson USA Les Paul CLASSIC &#8217;94 (&#8217;69 PAF)<br \/>\nGibson USA ES-335 &#8217;92<br \/>\nFender USA Stratocaster Jeff Beck Signature UPDATE<br \/>\nFender Mexico Stratocaster Large Head<br \/>\nIbanez AF-105<\/td>\n<\/tr>\n<tr>\n<th scope=\"row\">Electric Bass<\/th>\n<td>Ateliere Z M#245 10th Anniversary (\u30b9\u30da\u30af\u30c8\u30e9\u30e0\u30fb\u30d6\u30fc\u30b9\u30c8\u4ed5\u69d8)<br \/>\nYAMAHA TRB-JP2 (6st)<br \/>\nFodera Emperor2 6 Standard<\/td>\n<\/tr>\n<tr>\n<th scope=\"row\">Pedal Effects<\/th>\n<td>BOSS Blues Driver (BD-2)<br \/>\nBarber Electronics Burn Unit<br \/>\nMXR distortion+<br \/>\nMXR micro amp<br \/>\nMXR blue box<br \/>\nMXR dyna comp<br \/>\nMXR phase 90<br \/>\nCUSTOM AUDIO ELECTRONICS\u00d7MXR WAH (MC-404)<br \/>\nBOSS Digital Delay (DD5)<br \/>\nARION STEREO CHORUS (SCH-Z)<br \/>\nMAXON Stereo Chorus (CS-550)<br \/>\nT.C.electoronic STEREO CHORUS+<br \/>\nMU-TRON \u2162+<br \/>\nBOSS Bass Synthesizer (SYB-3)<br \/>\nZOOM G2.1u<br \/>\nLINE6 POD X3 Live<br \/>\nBOSS Volume Pedal<br \/>\nCUSTOM AUDIO JAPAN Multiple Line Selector (MLS-2)<\/td>\n<\/tr>\n<\/tbody>\n<\/table>\n","protected":false},"excerpt":{"rendered":"<p>Console YAMAHA DM2000VCM w\/16ch ADAT Card \u00d72\u30fb8ch AES\/EBU Card\u30fb8ch D\/A Card\u00d72 DAW Steinberg NUENDO 13 Steinberg [&hellip;]<\/p>\n","protected":false},"author":1,"featured_media":0,"parent":0,"menu_order":0,"comment_status":"closed","ping_status":"closed","template":"","meta":{"footnotes":""},"class_list":["post-30","page","type-page","status-publish","hentry"],"_links":{"self":[{"href":"https:\/\/sennenji-studio.com\/wp\/index.php?rest_route=\/wp\/v2\/pages\/30","targetHints":{"allow":["GET"]}}],"collection":[{"href":"https:\/\/sennenji-studio.com\/wp\/index.php?rest_route=\/wp\/v2\/pages"}],"about":[{"href":"https:\/\/sennenji-studio.com\/wp\/index.php?rest_route=\/wp\/v2\/types\/page"}],"author":[{"embeddable":true,"href":"https:\/\/sennenji-studio.com\/wp\/index.php?rest_route=\/wp\/v2\/users\/1"}],"replies":[{"embeddable":true,"href":"https:\/\/sennenji-studio.com\/wp\/index.php?rest_route=%2Fwp%2Fv2%2Fcomments&post=30"}],"version-history":[{"count":19,"href":"https:\/\/sennenji-studio.com\/wp\/index.php?rest_route=\/wp\/v2\/pages\/30\/revisions"}],"predecessor-version":[{"id":186,"href":"https:\/\/sennenji-studio.com\/wp\/index.php?rest_route=\/wp\/v2\/pages\/30\/revisions\/186"}],"wp:attachment":[{"href":"https:\/\/sennenji-studio.com\/wp\/index.php?rest_route=%2Fwp%2Fv2%2Fmedia&parent=30"}],"curies":[{"name":"wp","href":"https:\/\/api.w.org\/{rel}","templated":true}]}}